{"id":148,"date":"2017-02-20T13:55:19","date_gmt":"2017-02-20T12:55:19","guid":{"rendered":"http:\/\/therismos.pl\/drukarnia\/?page_id=148"},"modified":"2017-08-23T13:44:43","modified_gmt":"2017-08-23T11:44:43","slug":"teczki-ofertowe","status":"publish","type":"page","link":"https:\/\/therismos.pl\/drukarnia\/teczki-ofertowe\/","title":{"rendered":"Teczki ofertowe"},"content":{"rendered":"<p>Ka\u017cda teczka posiada miejsce na wizyt\u00f3wk\u0119.<br \/>\nW zale\u017cno\u015bci od nak\u0142adu, jaki Pa\u0144stwo potrzebuj\u0105, mo\u017cemy zaoferowa\u0107 druk cyfrowy (niski nak\u0142ad) lub druk offsetowy (od 200szt.)<\/p>\n<p>Standardowe parametry:<\/p>\n<p>&#8211;\u00a0 W teczce mieszcz\u0105 si\u0119 dokumenty formatu A4<br \/>\n&#8211;\u00a0 Format teczki po z\u0142o\u017ceniu: 300 x 215mm<br \/>\n&#8211;\u00a0 Papier: karton 255g z bia\u0142ym spodem<br \/>\n&#8211;\u00a0 Grzbiet 5 mm (daj\u0105cy mo\u017cliwo\u015b\u0107 w\u0142o\u017cenia wi\u0119kszej ilo\u015bci materia\u0142\u00f3w do wn\u0119trza)<br \/>\n&#8211;\u00a0 Mo\u017cliwo\u015b\u0107 uszlachetnienia foli\u0105 matow\u0105 lub b\u0142yszcz\u0105c\u0105<br \/>\n&#8211;\u00a0 Nadruk kolorowy jednostronny lub dwustronny CMYK lub specjalnie dorabianymi farbami PANTONE wed\u0142ug wzornika (druk offsetowy)<br \/>\n&#8211;\u00a0 Elementy mocuj\u0105ce na dokumenty przy druku cyfrowym do wyboru: dwa r\u00f3\u017cne kszta\u0142ty sta\u0142ych skrzyde\u0142ek lub skrzyde\u0142ko doklejane. Wizualizacje poni\u017cej.<\/p>\n<p><img loading=\"lazy\" class=\"\" src=\"http:\/\/therismos.pl\/stara-strona\/images\/stories\/teczka%20falowane%20skrzydelko.jpg\" width=\"205\" height=\"155\" \/><img loading=\"lazy\" class=\"\" src=\"http:\/\/therismos.pl\/stara-strona\/images\/stories\/teczka%20skrzydeko%20mae%20z%20wizytwka.jpg\" width=\"229\" height=\"162\" \/><\/p>\n<p>&nbsp;<\/p>\n","protected":false},"excerpt":{"rendered":"<p>Teczka ofertowa to atrybut ka\u017cdego biura i doskona\u0142y organizator w pracy. Teczka pozwoli na bezpieczne przechowywanie dokument\u00f3w. Dzi\u0119ki niej mo\u017cesz w eleganckiej formie przekaza\u0107 ofert\u0119 handlow\u0105 swojemu kontrahentowi. Teczki ofertowe drukujemy jednostronnie lub dwustronnie standardowo na kartonie o gramaturze 255g\/m2.<\/p>\n<p>Dodatkowo mo\u017cna wybra\u0107 uszlachetnienie foli\u0105 matow\u0105 lub b\u0142yszcz\u0105c\u0105 na zewn\u0119trznej powierzchni teczki. Dzi\u0119ki temu b\u0119dzie elegancka, a jednocze\u015bnie trwa\u0142a i wytrzyma\u0142a.                                                        <\/p>\n","protected":false},"author":1,"featured_media":615,"parent":0,"menu_order":0,"comment_status":"closed","ping_status":"closed","template":"page-offer.php","meta":[],"_links":{"self":[{"href":"https:\/\/therismos.pl\/drukarnia\/wp-json\/wp\/v2\/pages\/148"}],"collection":[{"href":"https:\/\/therismos.pl\/drukarnia\/wp-json\/wp\/v2\/pages"}],"about":[{"href":"https:\/\/therismos.pl\/drukarnia\/wp-json\/wp\/v2\/types\/page"}],"author":[{"embeddable":true,"href":"https:\/\/therismos.pl\/drukarnia\/wp-json\/wp\/v2\/users\/1"}],"replies":[{"embeddable":true,"href":"https:\/\/therismos.pl\/drukarnia\/wp-json\/wp\/v2\/comments?post=148"}],"version-history":[{"count":25,"href":"https:\/\/therismos.pl\/drukarnia\/wp-json\/wp\/v2\/pages\/148\/revisions"}],"predecessor-version":[{"id":678,"href":"https:\/\/therismos.pl\/drukarnia\/wp-json\/wp\/v2\/pages\/148\/revisions\/678"}],"wp:featuredmedia":[{"embeddable":true,"href":"https:\/\/therismos.pl\/drukarnia\/wp-json\/wp\/v2\/media\/615"}],"wp:attachment":[{"href":"https:\/\/therismos.pl\/drukarnia\/wp-json\/wp\/v2\/media?parent=148"}],"curies":[{"name":"wp","href":"https:\/\/api.w.org\/{rel}","templated":true}]}}