{"id":205,"date":"2017-03-09T16:42:06","date_gmt":"2017-03-09T15:42:06","guid":{"rendered":"http:\/\/therismos.pl\/drukarnia\/?page_id=205"},"modified":"2017-08-07T14:55:04","modified_gmt":"2017-08-07T12:55:04","slug":"ulotki-skladane-3","status":"publish","type":"page","link":"https:\/\/therismos.pl\/drukarnia\/ulotki-skladane-3\/","title":{"rendered":"Ulotki sk\u0142adane"},"content":{"rendered":"<p><strong>Druk<\/strong><strong>\u00a0cyfrowy<\/strong> umo\u017cliwia wykonanie ulotek w niewielkim nak\u0142adzie i jest korzystn\u0105 alternatyw\u0105 dla druku offsetowego. Wydruk zapewnia doskona\u0142\u0105 jako\u015b\u0107, kr\u00f3tki czas i koszt ich przygotowania. Jako\u015b\u0107 druku to 1200 x 3600 dpi.<\/p>\n<p><strong>Druk\u00a0offsetowy\u00a0<\/strong>jest alternatyw\u0105 dla wydruk\u00f3w cyfrowych. Jego atutem jest\u00a0niska cena przy wysokich nak\u0142adach.<\/p>\n<p>Ulotki dost\u0119pne we wszystkich podstawowych formatach. Drukowane na papierze 135-300g\/m2 dwustronnie powlekanym lub papierach dedykowanych, tzw. satynach.<\/p>\n","protected":false},"excerpt":{"rendered":"<p>Ulotki to najcz\u0119stsza metoda reklamowania swojej dzia\u0142alno\u015bci. Niskonak\u0142adowe wydruki to skuteczny spos\u00f3b na ka\u017cd\u0105 kampani\u0119 reklamow\u0105. Wykonamy dla Was ulotki niemal od r\u0119ki. Pilne zlecenie? Termin na jutro? Nie stanowi to dla nas \u017cadnego problemu. Drukarnia Therismos daje mo\u017cliwo\u015b\u0107 wykonania zam\u00f3wienia nawet tego samego dnia, przy czym pierwszy pr\u00f3bny egzemplarz b\u0119dzie wygl\u0105da\u0142 tak samo jak ostatni. Druk offsetowy czy sitodruk wymaga\u0142by zwykle kilku dni na wykonanie podobnej pracy. Pozbywasz si\u0119 r\u00f3wnie\u017c dodatkowych koszt\u00f3w, jakimi s\u0105 wydruki pr\u00f3bne, klisze itd.<\/p>\n","protected":false},"author":1,"featured_media":620,"parent":0,"menu_order":0,"comment_status":"closed","ping_status":"closed","template":"page-offer.php","meta":[],"_links":{"self":[{"href":"https:\/\/therismos.pl\/drukarnia\/wp-json\/wp\/v2\/pages\/205"}],"collection":[{"href":"https:\/\/therismos.pl\/drukarnia\/wp-json\/wp\/v2\/pages"}],"about":[{"href":"https:\/\/therismos.pl\/drukarnia\/wp-json\/wp\/v2\/types\/page"}],"author":[{"embeddable":true,"href":"https:\/\/therismos.pl\/drukarnia\/wp-json\/wp\/v2\/users\/1"}],"replies":[{"embeddable":true,"href":"https:\/\/therismos.pl\/drukarnia\/wp-json\/wp\/v2\/comments?post=205"}],"version-history":[{"count":7,"href":"https:\/\/therismos.pl\/drukarnia\/wp-json\/wp\/v2\/pages\/205\/revisions"}],"predecessor-version":[{"id":684,"href":"https:\/\/therismos.pl\/drukarnia\/wp-json\/wp\/v2\/pages\/205\/revisions\/684"}],"wp:featuredmedia":[{"embeddable":true,"href":"https:\/\/therismos.pl\/drukarnia\/wp-json\/wp\/v2\/media\/620"}],"wp:attachment":[{"href":"https:\/\/therismos.pl\/drukarnia\/wp-json\/wp\/v2\/media?parent=205"}],"curies":[{"name":"wp","href":"https:\/\/api.w.org\/{rel}","templated":true}]}}