{"id":210,"date":"2017-03-09T16:56:24","date_gmt":"2017-03-09T15:56:24","guid":{"rendered":"http:\/\/therismos.pl\/drukarnia\/?page_id=210"},"modified":"2017-08-22T09:29:55","modified_gmt":"2017-08-22T07:29:55","slug":"foldery-reklamowe","status":"publish","type":"page","link":"https:\/\/therismos.pl\/drukarnia\/foldery-reklamowe\/","title":{"rendered":"Foldery reklamowe"},"content":{"rendered":"<p>Mo\u017cliwo\u015bci, jakie daj\u0105 nam nasze maszyny s\u0105 w tym momencie niezast\u0105pione. Jako\u015b\u0107 wydrukowanych folder\u00f3w i katalog\u00f3w, po\u0142\u0105czona z minimalnym nak\u0142adem wp\u0142ywaj\u0105 znacznie na ko\u0144cow\u0105 cen\u0119. System automatycznego zarz\u0105dzania kolorami b\u0119dzie w pe\u0142ni kontrolowa\u0142 ich nasycenie w ca\u0142ym nak\u0142adzie, eliminuj\u0105c przy tym odcienie, kt\u00f3re jak\u017ce cz\u0119sto zdarzaj\u0105 si\u0119 w tego typu wydrukach.<\/p>\n<p>Standardowo opisane materia\u0142y drukujemy na pod\u0142o\u017cach dedykowanych.<\/p>\n<p>Proponujemy r\u00f3\u017cne oprawy. Katalogi i foldery o mniejszej obj\u0119to\u015bci wyka\u0144czamy za pomoc\u0105 euro zszywki lub spirali. Przy grubszych publikacjach stosujemy opraw\u0119 mi\u0119kk\u0105 klejon\u0105.<\/p>\n<p><i>Przyk\u0142adowe<\/i><em>\u00a0formaty folder\u00f3w i broszur :<\/em><\/p>\n<p>1.<\/p>\n<p>A6-8str<br \/>\nA5-8str<br \/>\nA4-8str<\/p>\n<p>Pokazane tu foldery zawieraj\u0105 8 stron formatu A6, A5 i A4 ( oprawa zeszytowa), co pozwala nam wyodr\u0119bni\u0107 ok\u0142adk\u0119 &#8211; jako stron\u0119 reklamow\u0105, \u015brodek &#8211; informacje o produktach, oferta oraz ty\u0142 folderu &#8211; dane teleadresowe. Foldery te mog\u0105 mie\u0107 8, 12, 16&#8230; 32, 36 stron\u00a0 (wielokrotno\u015b\u0107 czterech stron), gramatura 200-300g\/m2<\/p>\n<p>2.<\/p>\n<p>A4-4str<br \/>\nA5-4str<br \/>\nA6-4str<\/p>\n<p>Foldery s\u0105 sk\u0142adane na p\u00f3\u0142, gramatura 200-300g\/m2, bigowany grzbiet<\/p>\n<p>3.<\/p>\n<p>A3 sk\u0142adany do 1\/3<\/p>\n<p>Folder formatu A3 sk\u0142adany na trzy cz\u0119\u015bci, co daje sze\u015b\u0107 stron w formacie 140 x 297mm.<br \/>\nTak obszerna ilo\u015b\u0107 stron oraz ich du\u017cy format daj\u0105 wiele mo\u017cliwo\u015bci aran\u017cacji folderu.<\/p>\n<p>4.<\/p>\n<p>A4 skladany do 1\/3<\/p>\n<p>Folder A4 skladany na trzy cz\u0119\u015bci, co daje sze\u015b\u0107 stron w formacie 210 x 297 mm<\/p>\n","protected":false},"excerpt":{"rendered":"<p>Druk cyfrowy i druk offsetowy doskonale nadaje si\u0119 r\u00f3wnie\u017c do wykonywania folder\u00f3w reklamowych. W kilku- lub kilkudziesi\u0119ciostronicowej broszurze mo\u017cna zaprezentowa\u0107 profil dzia\u0142alno\u015bci firmy, jej histori\u0119, misj\u0119 oraz profesjonalizm i kompetencj\u0119 ludzi tworz\u0105cej jej wizerunek. Mimo dost\u0119pno\u015bci rozmaitych danych w internecie folder czy katalog zawsze b\u0119dzie doskona\u0142\u0105 form\u0105 promocji.<\/p>\n","protected":false},"author":1,"featured_media":564,"parent":0,"menu_order":0,"comment_status":"closed","ping_status":"closed","template":"page-offer.php","meta":[],"_links":{"self":[{"href":"https:\/\/therismos.pl\/drukarnia\/wp-json\/wp\/v2\/pages\/210"}],"collection":[{"href":"https:\/\/therismos.pl\/drukarnia\/wp-json\/wp\/v2\/pages"}],"about":[{"href":"https:\/\/therismos.pl\/drukarnia\/wp-json\/wp\/v2\/types\/page"}],"author":[{"embeddable":true,"href":"https:\/\/therismos.pl\/drukarnia\/wp-json\/wp\/v2\/users\/1"}],"replies":[{"embeddable":true,"href":"https:\/\/therismos.pl\/drukarnia\/wp-json\/wp\/v2\/comments?post=210"}],"version-history":[{"count":14,"href":"https:\/\/therismos.pl\/drukarnia\/wp-json\/wp\/v2\/pages\/210\/revisions"}],"predecessor-version":[{"id":719,"href":"https:\/\/therismos.pl\/drukarnia\/wp-json\/wp\/v2\/pages\/210\/revisions\/719"}],"wp:featuredmedia":[{"embeddable":true,"href":"https:\/\/therismos.pl\/drukarnia\/wp-json\/wp\/v2\/media\/564"}],"wp:attachment":[{"href":"https:\/\/therismos.pl\/drukarnia\/wp-json\/wp\/v2\/media?parent=210"}],"curies":[{"name":"wp","href":"https:\/\/api.w.org\/{rel}","templated":true}]}}