{"id":214,"date":"2017-03-09T17:01:00","date_gmt":"2017-03-09T16:01:00","guid":{"rendered":"http:\/\/therismos.pl\/drukarnia\/?page_id=214"},"modified":"2018-01-04T08:56:28","modified_gmt":"2018-01-04T07:56:28","slug":"broszury-szyte","status":"publish","type":"page","link":"https:\/\/therismos.pl\/drukarnia\/broszury-szyte\/","title":{"rendered":"Broszury szyte"},"content":{"rendered":"<p>Przy wyborze broszury mo\u017cemy zastosowa\u0107 jednakowy papier, \u0142\u0105czy\u0107 grubsz\u0105 ok\u0142adk\u0119 z cie\u0144szym wn\u0119trzem lub doda\u0107 w \u015brodku papiery ozdobne, czy kalk\u0119.<\/p>\n<p><i>Przyk\u0142adowe<\/i><em>\u00a0formaty broszur :<\/em><\/p>\n<p>1.<\/p>\n<p>A6-8str<br \/>\nA5-8str<br \/>\nA4-8str<\/p>\n<p>Pokazane tu broszury zawieraj\u0105 8 stron formatu A6, A5 i A4 ( oprawa zeszytowa), co pozwala nam wyodr\u0119bni\u0107 ok\u0142adk\u0119 &#8211; jako stron\u0119 reklamow\u0105, \u015brodek &#8211; informacje o produktach, oferta oraz ty\u0142 folderu &#8211; dane teleadresowe. Foldery te mog\u0105 mie\u0107 8, 12, 16&#8230; 32, 36 stron\u00a0 (wielokrotno\u015b\u0107 czterech), gramatura standardowa 120-200g\/m2<\/p>\n<p>2.<\/p>\n<p>A4-4str<br \/>\nA5-4str<br \/>\nA6-4str<\/p>\n<p>Foldery s\u0105 sk\u0142adane na p\u00f3\u0142, gramatura 200-300g\/m2, bigowany grzbiet.<\/p>\n<p>3.<\/p>\n<p>A3 sk\u0142adany do 1\/3<\/p>\n<p>Folder formatu A3 sk\u0142adany na trzy cz\u0119\u015bci, co daje sze\u015b\u0107 stron w formacie 140 x 297mm.<br \/>\nTak obszerna ilo\u015b\u0107 stron oraz ich du\u017cy format daj\u0105 wiele mo\u017cliwo\u015bci aran\u017cacji folderu.\u00a0Standardowo gramatura 200-300g\/m2.<\/p>\n<p>4.<\/p>\n<p>A4 skladany do 1\/3<\/p>\n<p>Folder A4 sk\u0142adany na trzy cz\u0119\u015bci, co daje sze\u015b\u0107 stron w formacie 210 x 297 mm.\u00a0Standardowo gramatura 90-300g\/m2.<\/p>\n","protected":false},"excerpt":{"rendered":"<p>Katalog nadal jest najbardziej uniwersaln\u0105 form\u0105 prezentacji Twojej firmy czy organizacji. W naszej ofercie znajdziecie broszury w oprawie zeszytowej, klejonej oraz spiralnej. Najbardziej popularne formaty to A5 i A4. Mo\u017cemy r\u00f3wnie\u017c drukowa\u0107 broszury w formatach nietypowych np. 210 x 210 mm.<\/p>\n<p>Katalogi drukujemy na papierach satynowanych, kredowanych lub na wysokiej jako\u015bci papierach offsetowych. Aby katalog by\u0142 trwa\u0142y i elegancki ok\u0142adki uszlachetniamy foli\u0105 b\u0142yszcz\u0105c\u0105 lub matow\u0105. Istnieje r\u00f3wnie\u017c mo\u017cliwo\u015b\u0107 wyr\u00f3\u017cnienia wa\u017cnych element\u00f3w na ok\u0142adce za pomoc\u0105 pokrycia ich lakierem wybi\u00f3rczym.<\/p>\n","protected":false},"author":1,"featured_media":567,"parent":0,"menu_order":0,"comment_status":"closed","ping_status":"closed","template":"page-offer.php","meta":[],"_links":{"self":[{"href":"https:\/\/therismos.pl\/drukarnia\/wp-json\/wp\/v2\/pages\/214"}],"collection":[{"href":"https:\/\/therismos.pl\/drukarnia\/wp-json\/wp\/v2\/pages"}],"about":[{"href":"https:\/\/therismos.pl\/drukarnia\/wp-json\/wp\/v2\/types\/page"}],"author":[{"embeddable":true,"href":"https:\/\/therismos.pl\/drukarnia\/wp-json\/wp\/v2\/users\/1"}],"replies":[{"embeddable":true,"href":"https:\/\/therismos.pl\/drukarnia\/wp-json\/wp\/v2\/comments?post=214"}],"version-history":[{"count":9,"href":"https:\/\/therismos.pl\/drukarnia\/wp-json\/wp\/v2\/pages\/214\/revisions"}],"predecessor-version":[{"id":689,"href":"https:\/\/therismos.pl\/drukarnia\/wp-json\/wp\/v2\/pages\/214\/revisions\/689"}],"wp:featuredmedia":[{"embeddable":true,"href":"https:\/\/therismos.pl\/drukarnia\/wp-json\/wp\/v2\/media\/567"}],"wp:attachment":[{"href":"https:\/\/therismos.pl\/drukarnia\/wp-json\/wp\/v2\/media?parent=214"}],"curies":[{"name":"wp","href":"https:\/\/api.w.org\/{rel}","templated":true}]}}