{"id":217,"date":"2017-03-09T17:05:55","date_gmt":"2017-03-09T16:05:55","guid":{"rendered":"http:\/\/therismos.pl\/drukarnia\/?page_id=217"},"modified":"2017-08-22T10:27:51","modified_gmt":"2017-08-22T08:27:51","slug":"katalogi-klejone","status":"publish","type":"page","link":"https:\/\/therismos.pl\/drukarnia\/katalogi-klejone\/","title":{"rendered":"Katalogi klejone"},"content":{"rendered":"","protected":false},"excerpt":{"rendered":"<p>Katalog nadal jest najbardziej uniwersaln\u0105 form\u0105 prezentacji Twojej firmy lub organizacji. W naszej ofercie s\u0105 katalogi i broszury w oprawie zeszytowej, klejonej oraz spiralnej. Najbardziej popularne formaty katalog\u00f3w to A5 i A4. Mo\u017cemy r\u00f3wnie\u017c drukowa\u0107 broszury w formatach nietypowych np. 210 x 210 mm.<\/p>\n<p>Katalogi drukujemy na papierach satynowanych, kredowanych lub na wysokiej jako\u015bci papierach offsetowych. Aby katalog by\u0142 trwa\u0142y i elegancki ok\u0142adki uszlachetniamy foli\u0105 b\u0142yszcz\u0105c\u0105 lub matow\u0105. Istnieje r\u00f3wnie\u017c mo\u017cliwo\u015b\u0107 wyr\u00f3\u017cnienia wa\u017cnych element\u00f3w na ok\u0142adce za pomoc\u0105 pokrycia ich lakierem wybi\u00f3rczym.<\/p>\n","protected":false},"author":1,"featured_media":568,"parent":0,"menu_order":0,"comment_status":"closed","ping_status":"closed","template":"page-offer.php","meta":[],"_links":{"self":[{"href":"https:\/\/therismos.pl\/drukarnia\/wp-json\/wp\/v2\/pages\/217"}],"collection":[{"href":"https:\/\/therismos.pl\/drukarnia\/wp-json\/wp\/v2\/pages"}],"about":[{"href":"https:\/\/therismos.pl\/drukarnia\/wp-json\/wp\/v2\/types\/page"}],"author":[{"embeddable":true,"href":"https:\/\/therismos.pl\/drukarnia\/wp-json\/wp\/v2\/users\/1"}],"replies":[{"embeddable":true,"href":"https:\/\/therismos.pl\/drukarnia\/wp-json\/wp\/v2\/comments?post=217"}],"version-history":[{"count":4,"href":"https:\/\/therismos.pl\/drukarnia\/wp-json\/wp\/v2\/pages\/217\/revisions"}],"predecessor-version":[{"id":690,"href":"https:\/\/therismos.pl\/drukarnia\/wp-json\/wp\/v2\/pages\/217\/revisions\/690"}],"wp:featuredmedia":[{"embeddable":true,"href":"https:\/\/therismos.pl\/drukarnia\/wp-json\/wp\/v2\/media\/568"}],"wp:attachment":[{"href":"https:\/\/therismos.pl\/drukarnia\/wp-json\/wp\/v2\/media?parent=217"}],"curies":[{"name":"wp","href":"https:\/\/api.w.org\/{rel}","templated":true}]}}