{"id":221,"date":"2017-03-09T17:09:11","date_gmt":"2017-03-09T16:09:11","guid":{"rendered":"http:\/\/therismos.pl\/drukarnia\/?page_id=221"},"modified":"2017-08-07T15:42:18","modified_gmt":"2017-08-07T13:42:18","slug":"materialy-szkoleniowe","status":"publish","type":"page","link":"https:\/\/therismos.pl\/drukarnia\/materialy-szkoleniowe\/","title":{"rendered":"Materia\u0142y szkoleniowe"},"content":{"rendered":"<p>Zazwyczaj druki te wyka\u0144czane s\u0105 za pomoc\u0105:<\/p>\n<p>1. Bindowanie i oprawa w spiral\u0119 metalow\u0105 lub plastikow\u0105 &#8211; wiele kolor\u00f3w do wyboru. Jest to najcz\u0119stsza metoda oprawy materia\u0142\u00f3w (materia\u0142y na szkolenia, pisma przetargowe, plany roczne itp.)<\/p>\n<p>2. Z do\u015bwiadczenia wiemy, \u017ce cz\u0119\u015b\u0107 klient\u00f3w propaguje materialy w formie broszury (oprawa zeszytowa na dwie zszywki). Charakteryzuj\u0105 si\u0119 one trwa\u0142o\u015bci\u0105 i wytrzyma\u0142o\u015bci\u0105, co przy wielokrotnym przegl\u0105daniu ich jest bardzo wa\u017cne.<\/p>\n<p>3. Nowo\u015bci\u0105 w naszej ofercie jest r\u00f3wnie\u017c oprawa dokument\u00f3w w systemie Metalbind System. To oprawa materia\u0142\u00f3w w metalowy kana\u0142, kt\u00f3ry, poprzez odpowiedni nacisk, trzyma ca\u0142o\u015b\u0107 dokumentu. To bardzo elegancka i trwa\u0142a oprawa; wizualizacja poni\u017cej przedstawia metod\u0119 oprawy. Tu r\u00f3wnie\u017c do wyboru wiele kolor\u00f3w kana\u0142u.<\/p>\n","protected":false},"excerpt":{"rendered":"<p>Je\u015bli cho\u0107 raz uczestniczy\u0142e\u015b w prezentacji lub jakimkolwiek szkoleniu, wiesz z pewno\u015bci\u0105, jak du\u017c\u0105 rol\u0119 odgrywaj\u0105 w\u0142a\u015bciwie przygotowane materia\u0142y informacyjne.<br \/>\nW tym w\u0142a\u015bnie zakresie proponujemy Pa\u0144stwu ca\u0142o\u015bciow\u0105 obs\u0142ug\u0119 od projektu, po druk i wyko\u0144czenie introligatorskie.<br \/>\n Specjalizujemy si\u0119 w druku i oprawie materia\u0142\u00f3w szkoleniowych i konferencyjnych.<\/p>\n<p>Dzi\u0119ki wykorzystaniu najnowszych technologii drukarskich i introligatorskich jeste\u015bmy w stanie wykona\u0107 ka\u017cde zlecenie i w ka\u017cdym nak\u0142adzie &#8211; od 1 sztuki.<\/p>\n<p>Wykonujemy oprawy bindowane grzbietem plastikowym, termobindowanie, spiralowanie, oprawy ksi\u0105\u017ckowe klejone (twarde i mi\u0119kkie), oprawy broszurowe (zeszytowe), dziurkowanie (pod segregator lub skoroszyt), foliowanie, laminowanie, zszywanie blokowe, notatniki z nadrukiem, konfekcjonowanie druk\u00f3w.<\/p>\n","protected":false},"author":1,"featured_media":569,"parent":0,"menu_order":0,"comment_status":"closed","ping_status":"closed","template":"page-offer.php","meta":[],"_links":{"self":[{"href":"https:\/\/therismos.pl\/drukarnia\/wp-json\/wp\/v2\/pages\/221"}],"collection":[{"href":"https:\/\/therismos.pl\/drukarnia\/wp-json\/wp\/v2\/pages"}],"about":[{"href":"https:\/\/therismos.pl\/drukarnia\/wp-json\/wp\/v2\/types\/page"}],"author":[{"embeddable":true,"href":"https:\/\/therismos.pl\/drukarnia\/wp-json\/wp\/v2\/users\/1"}],"replies":[{"embeddable":true,"href":"https:\/\/therismos.pl\/drukarnia\/wp-json\/wp\/v2\/comments?post=221"}],"version-history":[{"count":8,"href":"https:\/\/therismos.pl\/drukarnia\/wp-json\/wp\/v2\/pages\/221\/revisions"}],"predecessor-version":[{"id":691,"href":"https:\/\/therismos.pl\/drukarnia\/wp-json\/wp\/v2\/pages\/221\/revisions\/691"}],"wp:featuredmedia":[{"embeddable":true,"href":"https:\/\/therismos.pl\/drukarnia\/wp-json\/wp\/v2\/media\/569"}],"wp:attachment":[{"href":"https:\/\/therismos.pl\/drukarnia\/wp-json\/wp\/v2\/media?parent=221"}],"curies":[{"name":"wp","href":"https:\/\/api.w.org\/{rel}","templated":true}]}}