{"id":225,"date":"2017-03-09T17:22:12","date_gmt":"2017-03-09T16:22:12","guid":{"rendered":"http:\/\/therismos.pl\/drukarnia\/?page_id=225"},"modified":"2017-08-22T11:22:21","modified_gmt":"2017-08-22T09:22:21","slug":"bilety-3","status":"publish","type":"page","link":"https:\/\/therismos.pl\/drukarnia\/bilety-3\/","title":{"rendered":"Bilety, identyfikatory"},"content":{"rendered":"<p>Naszym atutem s\u0105 niskie nak\u0142ady!<\/p>\n<p>Nowo\u015bci\u0105 jest mo\u017cliwo\u015b\u0107 uszlachetnienia: \u00a0lakier wybi\u00f3rczy UV na wybranych elementach, folia matt, b\u0142ysk lub soft silk. Wa\u017cnym atutem jest perforacja, umo\u017cliwiaj\u0105ca w \u0142atwy spos\u00f3b oderwanie cz\u0119\u015bci biletu, kt\u00f3ry mo\u017ce by\u0107 np. kuponem lub reklam\u0105.<br \/>\nZapewniamy bardzo szeroki wyb\u00f3r papier\u00f3w, r\u00f3\u017cni\u0105cych si\u0119 kolorem i gramatur\u0105.<\/p>\n","protected":false},"excerpt":{"rendered":"<p>Je\u017celi organizujesz koncert lub zamkni\u0119t\u0105 imprez\u0119, to mamy w\u0142a\u015bnie co\u015b dla Ciebie \u2013 druk wszelkiego rodzaju bilet\u00f3w, karnet\u00f3w i wej\u015bci\u00f3wek.<\/p>\n<p>Bogata szata graficzna oraz doskona\u0142ej jako\u015bci papiery umo\u017cliwiaj\u0105 uzyskanie produktu najwy\u017cszej jako\u015bci, kt\u00f3rego nie powstydzi si\u0119 najlepszy event. Specjalistyczne maszyny umo\u017cliwiaj\u0105 nam produkcj\u0119 bilet\u00f3w z perforacj\u0105 umo\u017cliwiaj\u0105c\u0105 odrywanie kuponu kontrolnego oraz wej\u015bci\u00f3wek spersonalizowanych np. pod k\u0105tem specjalnych go\u015bci.<\/p>\n","protected":false},"author":1,"featured_media":570,"parent":0,"menu_order":0,"comment_status":"closed","ping_status":"closed","template":"page-offer.php","meta":[],"_links":{"self":[{"href":"https:\/\/therismos.pl\/drukarnia\/wp-json\/wp\/v2\/pages\/225"}],"collection":[{"href":"https:\/\/therismos.pl\/drukarnia\/wp-json\/wp\/v2\/pages"}],"about":[{"href":"https:\/\/therismos.pl\/drukarnia\/wp-json\/wp\/v2\/types\/page"}],"author":[{"embeddable":true,"href":"https:\/\/therismos.pl\/drukarnia\/wp-json\/wp\/v2\/users\/1"}],"replies":[{"embeddable":true,"href":"https:\/\/therismos.pl\/drukarnia\/wp-json\/wp\/v2\/comments?post=225"}],"version-history":[{"count":11,"href":"https:\/\/therismos.pl\/drukarnia\/wp-json\/wp\/v2\/pages\/225\/revisions"}],"predecessor-version":[{"id":737,"href":"https:\/\/therismos.pl\/drukarnia\/wp-json\/wp\/v2\/pages\/225\/revisions\/737"}],"wp:featuredmedia":[{"embeddable":true,"href":"https:\/\/therismos.pl\/drukarnia\/wp-json\/wp\/v2\/media\/570"}],"wp:attachment":[{"href":"https:\/\/therismos.pl\/drukarnia\/wp-json\/wp\/v2\/media?parent=225"}],"curies":[{"name":"wp","href":"https:\/\/api.w.org\/{rel}","templated":true}]}}