{"id":229,"date":"2017-03-09T17:35:55","date_gmt":"2017-03-09T16:35:55","guid":{"rendered":"http:\/\/therismos.pl\/drukarnia\/?page_id=229"},"modified":"2017-08-09T12:44:42","modified_gmt":"2017-08-09T10:44:42","slug":"druki-samokopiujace","status":"publish","type":"page","link":"https:\/\/therismos.pl\/drukarnia\/druki-samokopiujace\/","title":{"rendered":"Druki samokopiuj\u0105ce"},"content":{"rendered":"","protected":false},"excerpt":{"rendered":"<p>Druki samokopiuj\u0105ce s\u0105 potrzebne wsz\u0119dzie tam, gdzie trzeba sporz\u0105dzi\u0107 r\u0119cznie kilka egzemplarzy tego samego druku. Najlepiej wiedz\u0105 to przedstawiciele handlowi oraz dostawcy. Druki samokopiuj\u0105ce wykonujemy na papierze samokopiuj\u0105cym. <\/p>\n<p>Standardowo papier samokopiuj\u0105cy wyst\u0119puje w gramaturze 60 g\/m2. Komplety druk\u00f3w samokopiuj\u0105cych o r\u00f3\u017cnej ilo\u015bci kartek. Ka\u017cdy bloczek posiada ok\u0142adk\u0119 przedni\u0105 oraz tyln\u0105. Mo\u017cemy r\u00f3wnie\u017c przygotowa\u0107 ok\u0142adk\u0119 z dowoln\u0105 grafik\u0105, co zwi\u0119ksza w\u0142a\u015bciwo\u015bci reklamowe i estetyczne. <\/p>\n","protected":false},"author":1,"featured_media":622,"parent":0,"menu_order":0,"comment_status":"closed","ping_status":"closed","template":"page-offer.php","meta":[],"_links":{"self":[{"href":"https:\/\/therismos.pl\/drukarnia\/wp-json\/wp\/v2\/pages\/229"}],"collection":[{"href":"https:\/\/therismos.pl\/drukarnia\/wp-json\/wp\/v2\/pages"}],"about":[{"href":"https:\/\/therismos.pl\/drukarnia\/wp-json\/wp\/v2\/types\/page"}],"author":[{"embeddable":true,"href":"https:\/\/therismos.pl\/drukarnia\/wp-json\/wp\/v2\/users\/1"}],"replies":[{"embeddable":true,"href":"https:\/\/therismos.pl\/drukarnia\/wp-json\/wp\/v2\/comments?post=229"}],"version-history":[{"count":10,"href":"https:\/\/therismos.pl\/drukarnia\/wp-json\/wp\/v2\/pages\/229\/revisions"}],"predecessor-version":[{"id":693,"href":"https:\/\/therismos.pl\/drukarnia\/wp-json\/wp\/v2\/pages\/229\/revisions\/693"}],"wp:featuredmedia":[{"embeddable":true,"href":"https:\/\/therismos.pl\/drukarnia\/wp-json\/wp\/v2\/media\/622"}],"wp:attachment":[{"href":"https:\/\/therismos.pl\/drukarnia\/wp-json\/wp\/v2\/media?parent=229"}],"curies":[{"name":"wp","href":"https:\/\/api.w.org\/{rel}","templated":true}]}}