{"id":233,"date":"2017-03-09T17:40:24","date_gmt":"2017-03-09T16:40:24","guid":{"rendered":"http:\/\/therismos.pl\/drukarnia\/?page_id=233"},"modified":"2017-08-22T11:37:34","modified_gmt":"2017-08-22T09:37:34","slug":"bloczki-2","status":"publish","type":"page","link":"https:\/\/therismos.pl\/drukarnia\/bloczki-2\/","title":{"rendered":"Bloczki"},"content":{"rendered":"","protected":false},"excerpt":{"rendered":"<p>Bloczki firmowe to popularny, praktyczny gad\u017cet reklamowy. Wykonujemy je w r\u00f3\u017cnych formatach, najbardziej popularne to A6, A5, A4 i oraz kwadrat 100&#215;100 mm, tzw. kostka. Zawieraj\u0105 25, 50 lub 100 kartek, na specjalne \u017cyczenie drukarnia wykonuje bloczki w dowolnym formacie oraz ilo\u015bci kartek. W ofercie s\u0105 tak\u017ce dost\u0119pne bloczki z ok\u0142adk\u0105 kolorow\u0105, a tak\u017ce z otworami do mocowania w segregatorze. Ka\u017cdy bloczek firmowy ma sp\u00f3d ze sztywnego kartonika, co dodatkowo wzmacnia bloczek i zapobiega jego rozpadaniu si\u0119. Bloczki firmowe to interesuj\u0105cy gad\u017cet reklamowy, kt\u00f3ry pe\u0142ni\u0105c swoje zadanie notesu przenosi mimowolnie reklam\u0119 na ka\u017cdej wyrwanej z niego karce i zapewnia tym samym bezp\u0142atny jej kolporta\u017c. <\/p>\n","protected":false},"author":1,"featured_media":571,"parent":0,"menu_order":0,"comment_status":"closed","ping_status":"closed","template":"page-offer.php","meta":[],"_links":{"self":[{"href":"https:\/\/therismos.pl\/drukarnia\/wp-json\/wp\/v2\/pages\/233"}],"collection":[{"href":"https:\/\/therismos.pl\/drukarnia\/wp-json\/wp\/v2\/pages"}],"about":[{"href":"https:\/\/therismos.pl\/drukarnia\/wp-json\/wp\/v2\/types\/page"}],"author":[{"embeddable":true,"href":"https:\/\/therismos.pl\/drukarnia\/wp-json\/wp\/v2\/users\/1"}],"replies":[{"embeddable":true,"href":"https:\/\/therismos.pl\/drukarnia\/wp-json\/wp\/v2\/comments?post=233"}],"version-history":[{"count":11,"href":"https:\/\/therismos.pl\/drukarnia\/wp-json\/wp\/v2\/pages\/233\/revisions"}],"predecessor-version":[{"id":694,"href":"https:\/\/therismos.pl\/drukarnia\/wp-json\/wp\/v2\/pages\/233\/revisions\/694"}],"wp:featuredmedia":[{"embeddable":true,"href":"https:\/\/therismos.pl\/drukarnia\/wp-json\/wp\/v2\/media\/571"}],"wp:attachment":[{"href":"https:\/\/therismos.pl\/drukarnia\/wp-json\/wp\/v2\/media?parent=233"}],"curies":[{"name":"wp","href":"https:\/\/api.w.org\/{rel}","templated":true}]}}