{"id":237,"date":"2017-03-09T17:51:15","date_gmt":"2017-03-09T16:51:15","guid":{"rendered":"http:\/\/therismos.pl\/drukarnia\/?page_id=237"},"modified":"2020-11-03T13:31:45","modified_gmt":"2020-11-03T12:31:45","slug":"kalendarze-2","status":"publish","type":"page","link":"https:\/\/therismos.pl\/drukarnia\/kalendarze-2\/","title":{"rendered":"Kalendarze"},"content":{"rendered":"<p>Zapraszamy do skorzystania z nowej oferty <em><a href=\"http:\/\/therismos.pl\/drukarnia\/kalendarze-2020\/\">KALENDARZE 202<\/a>1<\/em><\/p>\n<p>Nasz park maszynowy umo\u017cliwia nam wyprodukowanie kalendarzy, zar\u00f3wno w du\u017cych nak\u0142adach, jak i na indywidualne zam\u00f3wienie. \u0141\u0105czymy wysok\u0105 jako\u015b\u0107 z konkurencyjn\u0105 cen\u0105.<\/p>\n<p>Wszystkie kalendarze mog\u0105 by\u0107 skuteczn\u0105 reklam\u0105 twojej firmy, ciekawym prezentem dla partner\u00f3w biznesowych, form\u0105 wspomnie\u0144 ze \u015bwietnych wakacji czy zimowych wypad\u00f3w.<\/p>\n<p>R\u00f3wnocze\u015bnie ka\u017cdy kalendarz posiada miejsce na indywidualny nadruk lub zdj\u0119cie, dane teleadresowe firmy lub \u017cyczenia.<\/p>\n","protected":false},"excerpt":{"rendered":"<p>Nasze kalendarze to \u015bwietny atrybut marketingowy dla firm oraz ich klient\u00f3w. Ca\u0142oroczna reklama wisz\u0105ca na \u015bcianie w biurze przypomina nie tylko o wa\u017cnych wydarzeniach, ale pomaga utrwali\u0107 w pami\u0119ci nazw\u0119 i logo firmy widniej\u0105cej na kalendarzu. Bazuj\u0105c na naszym do\u015bwiadczeniu, stworzyli\u015bmy produkt praktyczny, o odpowiednio wysokiej jako\u015bci. Nasze kalendarze spodobaj\u0105 si\u0119 nawet najbardziej wymagaj\u0105cym klientom.<\/p>\n","protected":false},"author":1,"featured_media":589,"parent":0,"menu_order":0,"comment_status":"closed","ping_status":"closed","template":"page-offer.php","meta":[],"_links":{"self":[{"href":"https:\/\/therismos.pl\/drukarnia\/wp-json\/wp\/v2\/pages\/237"}],"collection":[{"href":"https:\/\/therismos.pl\/drukarnia\/wp-json\/wp\/v2\/pages"}],"about":[{"href":"https:\/\/therismos.pl\/drukarnia\/wp-json\/wp\/v2\/types\/page"}],"author":[{"embeddable":true,"href":"https:\/\/therismos.pl\/drukarnia\/wp-json\/wp\/v2\/users\/1"}],"replies":[{"embeddable":true,"href":"https:\/\/therismos.pl\/drukarnia\/wp-json\/wp\/v2\/comments?post=237"}],"version-history":[{"count":19,"href":"https:\/\/therismos.pl\/drukarnia\/wp-json\/wp\/v2\/pages\/237\/revisions"}],"predecessor-version":[{"id":823,"href":"https:\/\/therismos.pl\/drukarnia\/wp-json\/wp\/v2\/pages\/237\/revisions\/823"}],"wp:featuredmedia":[{"embeddable":true,"href":"https:\/\/therismos.pl\/drukarnia\/wp-json\/wp\/v2\/media\/589"}],"wp:attachment":[{"href":"https:\/\/therismos.pl\/drukarnia\/wp-json\/wp\/v2\/media?parent=237"}],"curies":[{"name":"wp","href":"https:\/\/api.w.org\/{rel}","templated":true}]}}