{"id":368,"date":"2017-06-23T18:23:49","date_gmt":"2017-06-23T16:23:49","guid":{"rendered":"http:\/\/therismos.pl\/drukarnia\/?page_id=368"},"modified":"2020-01-03T22:59:20","modified_gmt":"2020-01-03T21:59:20","slug":"ksiazki","status":"publish","type":"page","link":"https:\/\/therismos.pl\/drukarnia\/ksiazki\/","title":{"rendered":"Kalendarze ksi\u0105\u017ckowe"},"content":{"rendered":"<p><a href=\"http:\/\/therismos.pl\/drukarnia\/wp-content\/uploads\/2017\/06\/kalendazr-ksi\u0105\u017ckowy_wizualiazacja.jpg\"><img loading=\"lazy\" class=\"alignnone size-large wp-image-761\" src=\"http:\/\/therismos.pl\/drukarnia\/wp-content\/uploads\/2017\/06\/kalendazr-ksi\u0105\u017ckowy_wizualiazacja-726x1024.jpg\" alt=\"\" width=\"726\" height=\"1024\" srcset=\"https:\/\/therismos.pl\/drukarnia\/wp-content\/uploads\/2017\/06\/kalendazr-ksi\u0105\u017ckowy_wizualiazacja-726x1024.jpg 726w, https:\/\/therismos.pl\/drukarnia\/wp-content\/uploads\/2017\/06\/kalendazr-ksi\u0105\u017ckowy_wizualiazacja-213x300.jpg 213w, https:\/\/therismos.pl\/drukarnia\/wp-content\/uploads\/2017\/06\/kalendazr-ksi\u0105\u017ckowy_wizualiazacja-768x1083.jpg 768w, https:\/\/therismos.pl\/drukarnia\/wp-content\/uploads\/2017\/06\/kalendazr-ksi\u0105\u017ckowy_wizualiazacja-17x24.jpg 17w, https:\/\/therismos.pl\/drukarnia\/wp-content\/uploads\/2017\/06\/kalendazr-ksi\u0105\u017ckowy_wizualiazacja-26x36.jpg 26w, https:\/\/therismos.pl\/drukarnia\/wp-content\/uploads\/2017\/06\/kalendazr-ksi\u0105\u017ckowy_wizualiazacja-34x48.jpg 34w, https:\/\/therismos.pl\/drukarnia\/wp-content\/uploads\/2017\/06\/kalendazr-ksi\u0105\u017ckowy_wizualiazacja.jpg 1700w\" sizes=\"(max-width: 726px) 100vw, 726px\" \/><\/a><\/p>\n","protected":false},"excerpt":{"rendered":"<p>Je\u017celi jeste\u015bcie Pa\u0144stwo zainteresowani kalendarzami ksi\u0105\u017ckowymi zapraszamy do kontaktu. Pode\u015blemy pe\u0142n\u0105 ofert\u0119 na Waszego maila wraz z cennikiem i katalogiem aktualnych wzor\u00f3w.<\/p>\n","protected":false},"author":1,"featured_media":593,"parent":0,"menu_order":0,"comment_status":"closed","ping_status":"closed","template":"page-offer.php","meta":[],"_links":{"self":[{"href":"https:\/\/therismos.pl\/drukarnia\/wp-json\/wp\/v2\/pages\/368"}],"collection":[{"href":"https:\/\/therismos.pl\/drukarnia\/wp-json\/wp\/v2\/pages"}],"about":[{"href":"https:\/\/therismos.pl\/drukarnia\/wp-json\/wp\/v2\/types\/page"}],"author":[{"embeddable":true,"href":"https:\/\/therismos.pl\/drukarnia\/wp-json\/wp\/v2\/users\/1"}],"replies":[{"embeddable":true,"href":"https:\/\/therismos.pl\/drukarnia\/wp-json\/wp\/v2\/comments?post=368"}],"version-history":[{"count":16,"href":"https:\/\/therismos.pl\/drukarnia\/wp-json\/wp\/v2\/pages\/368\/revisions"}],"predecessor-version":[{"id":805,"href":"https:\/\/therismos.pl\/drukarnia\/wp-json\/wp\/v2\/pages\/368\/revisions\/805"}],"wp:featuredmedia":[{"embeddable":true,"href":"https:\/\/therismos.pl\/drukarnia\/wp-json\/wp\/v2\/media\/593"}],"wp:attachment":[{"href":"https:\/\/therismos.pl\/drukarnia\/wp-json\/wp\/v2\/media?parent=368"}],"curies":[{"name":"wp","href":"https:\/\/api.w.org\/{rel}","templated":true}]}}