{"id":373,"date":"2017-06-23T18:26:10","date_gmt":"2017-06-23T16:26:10","guid":{"rendered":"http:\/\/therismos.pl\/drukarnia\/?page_id=373"},"modified":"2017-08-22T10:53:08","modified_gmt":"2017-08-22T08:53:08","slug":"koperty-2","status":"publish","type":"page","link":"https:\/\/therismos.pl\/drukarnia\/koperty-2\/","title":{"rendered":"Koperty"},"content":{"rendered":"<p><span style=\"color: #ff0000;\"><strong>K<\/strong><b>OPERTY Z NADRUKAMI FIRMOWYMI JU\u017b OD 250 SZTUK<\/b><\/span><\/p>\n<p>Formaty kopert, w kt\u00f3rych si\u0119 specjalizujemy:<\/p>\n<p>DL\u00a0 110 x 220 mm<\/p>\n<p>C3\u00a0 324 x 458 mm<\/p>\n<p>C4\u00a0 229 x 324 mm<\/p>\n<p>C5\u00a0 162 x 229 mm<\/p>\n<p>C6\u00a0 114 x 162 mm<\/p>\n<p>B4\u00a0 250 x 353 mm<\/p>\n<p>B5\u00a0 176 x 250 mm<\/p>\n<p>Wszystkie koperty posiadaj\u0105 pasek HK. W zale\u017cno\u015bci od formatu gramatura od 90g. Mo\u017cliwo\u015b\u0107 zam\u00f3wienia kopert z okienkiem prawym lub lewym.<\/p>\n","protected":false},"excerpt":{"rendered":"<p>Wykonujemy nadruki na  koperty we wszystkich standardowych rozmiarach. R\u00f3wnie\u017c koperty z okienkami. Druk wykonywany jest metod\u0105 cyfrow\u0105 lub offsetow\u0105 i mo\u017ce by\u0107 jedno, b\u0105d\u017a wielobarwny. Stosuj\u0105c zaawansowan\u0105 technologi\u0119 jeste\u015bmy w stanie zaproponowa\u0107 nisk\u0105 cen\u0119 nawet przy minimalnej ilo\u015bci kopert. Czy chcesz, aby twoja korespondencja wys\u0142ana do klienta wygl\u0105da\u0142a profesjonalnie? Pomo\u017cemy Ci w tym. Na kopercie umie\u015bcimy Twoje logo, dane teleadresowe lub wybran\u0105 grafik\u0119.Mo\u017cna w nich wysy\u0142a\u0107 nie tylko zwyk\u0142\u0105 korespondencj\u0119 do kontrahent\u00f3w, ale r\u00f3wnie\u017c faktury, zaproszenia czy kartki na \u015bwi\u0119ta. To forma reklamy, kt\u00f3ra dzia\u0142a od stycznia do grudnia.<\/p>\n","protected":false},"author":1,"featured_media":548,"parent":0,"menu_order":0,"comment_status":"closed","ping_status":"closed","template":"page-offer.php","meta":[],"_links":{"self":[{"href":"https:\/\/therismos.pl\/drukarnia\/wp-json\/wp\/v2\/pages\/373"}],"collection":[{"href":"https:\/\/therismos.pl\/drukarnia\/wp-json\/wp\/v2\/pages"}],"about":[{"href":"https:\/\/therismos.pl\/drukarnia\/wp-json\/wp\/v2\/types\/page"}],"author":[{"embeddable":true,"href":"https:\/\/therismos.pl\/drukarnia\/wp-json\/wp\/v2\/users\/1"}],"replies":[{"embeddable":true,"href":"https:\/\/therismos.pl\/drukarnia\/wp-json\/wp\/v2\/comments?post=373"}],"version-history":[{"count":10,"href":"https:\/\/therismos.pl\/drukarnia\/wp-json\/wp\/v2\/pages\/373\/revisions"}],"predecessor-version":[{"id":717,"href":"https:\/\/therismos.pl\/drukarnia\/wp-json\/wp\/v2\/pages\/373\/revisions\/717"}],"wp:featuredmedia":[{"embeddable":true,"href":"https:\/\/therismos.pl\/drukarnia\/wp-json\/wp\/v2\/media\/548"}],"wp:attachment":[{"href":"https:\/\/therismos.pl\/drukarnia\/wp-json\/wp\/v2\/media?parent=373"}],"curies":[{"name":"wp","href":"https:\/\/api.w.org\/{rel}","templated":true}]}}