{"id":392,"date":"2017-06-23T18:42:31","date_gmt":"2017-06-23T16:42:31","guid":{"rendered":"http:\/\/therismos.pl\/drukarnia\/?page_id=392"},"modified":"2017-08-22T09:48:38","modified_gmt":"2017-08-22T07:48:38","slug":"dyplomy-2","status":"publish","type":"page","link":"https:\/\/therismos.pl\/drukarnia\/dyplomy-2\/","title":{"rendered":"Certyfikaty, dyplomy"},"content":{"rendered":"<p>.<\/p>\n","protected":false},"excerpt":{"rendered":"<p>Dyplomy i certyfikaty zawsze powinny mie\u0107 wyj\u0105tkowy charakter i dlatego do projektowania i wykonania tego rodzaju druk\u00f3w zawsze podchodzimy z najwi\u0119ksz\u0105 staranno\u015bci\u0105. Do produkcji certyfikat\u00f3w i dyplom\u00f3w u\u017cywamy papier\u00f3w najwy\u017cszej jako\u015bci renomowanych producent\u00f3w.<\/p>\n<p>Nasza drukarnia wykonuje druk w technologii cyfrowej i dlatego wykonujemy dyplomy nawet w niskich nak\u0142adach. Druki certyfikat\u00f3w i dyplom\u00f3w mo\u017cemy wykona\u0107 dla Pa\u0144stwa firmy, szko\u0142y czy dowolnej innej organizacji. Mo\u017cemy je r\u00f3wnie\u017c wykona\u0107 na potrzeby zawod\u00f3w sportowych, czy te\u017c na potrzeby konkursu albo z okazji uko\u0144czenia kursu. <\/p>\n","protected":false},"author":1,"featured_media":625,"parent":0,"menu_order":0,"comment_status":"closed","ping_status":"closed","template":"page-offer.php","meta":[],"_links":{"self":[{"href":"https:\/\/therismos.pl\/drukarnia\/wp-json\/wp\/v2\/pages\/392"}],"collection":[{"href":"https:\/\/therismos.pl\/drukarnia\/wp-json\/wp\/v2\/pages"}],"about":[{"href":"https:\/\/therismos.pl\/drukarnia\/wp-json\/wp\/v2\/types\/page"}],"author":[{"embeddable":true,"href":"https:\/\/therismos.pl\/drukarnia\/wp-json\/wp\/v2\/users\/1"}],"replies":[{"embeddable":true,"href":"https:\/\/therismos.pl\/drukarnia\/wp-json\/wp\/v2\/comments?post=392"}],"version-history":[{"count":7,"href":"https:\/\/therismos.pl\/drukarnia\/wp-json\/wp\/v2\/pages\/392\/revisions"}],"predecessor-version":[{"id":723,"href":"https:\/\/therismos.pl\/drukarnia\/wp-json\/wp\/v2\/pages\/392\/revisions\/723"}],"wp:featuredmedia":[{"embeddable":true,"href":"https:\/\/therismos.pl\/drukarnia\/wp-json\/wp\/v2\/media\/625"}],"wp:attachment":[{"href":"https:\/\/therismos.pl\/drukarnia\/wp-json\/wp\/v2\/media?parent=392"}],"curies":[{"name":"wp","href":"https:\/\/api.w.org\/{rel}","templated":true}]}}