{"id":396,"date":"2017-06-23T18:44:19","date_gmt":"2017-06-23T16:44:19","guid":{"rendered":"http:\/\/therismos.pl\/drukarnia\/?page_id=396"},"modified":"2017-08-22T11:30:23","modified_gmt":"2017-08-22T09:30:23","slug":"ulotki-skladane-4","status":"publish","type":"page","link":"https:\/\/therismos.pl\/drukarnia\/ulotki-skladane-4\/","title":{"rendered":"Papiery firmowe"},"content":{"rendered":"","protected":false},"excerpt":{"rendered":"<p>Papier firmowy buduje presti\u017c zar\u00f3wno w\u015br\u00f3d kontrahent\u00f3w, jak i pracownik\u00f3w. Oferty, faktury oraz inne dokumenty drukowane na papierze opatrzonym danymi firmy wygl\u0105daj\u0105 schludniej, a przy okazji staj\u0105 si\u0119 dyskretnym no\u015bnikiem reklamowym. <\/p>\n","protected":false},"author":1,"featured_media":574,"parent":0,"menu_order":0,"comment_status":"closed","ping_status":"closed","template":"page-offer.php","meta":[],"_links":{"self":[{"href":"https:\/\/therismos.pl\/drukarnia\/wp-json\/wp\/v2\/pages\/396"}],"collection":[{"href":"https:\/\/therismos.pl\/drukarnia\/wp-json\/wp\/v2\/pages"}],"about":[{"href":"https:\/\/therismos.pl\/drukarnia\/wp-json\/wp\/v2\/types\/page"}],"author":[{"embeddable":true,"href":"https:\/\/therismos.pl\/drukarnia\/wp-json\/wp\/v2\/users\/1"}],"replies":[{"embeddable":true,"href":"https:\/\/therismos.pl\/drukarnia\/wp-json\/wp\/v2\/comments?post=396"}],"version-history":[{"count":10,"href":"https:\/\/therismos.pl\/drukarnia\/wp-json\/wp\/v2\/pages\/396\/revisions"}],"predecessor-version":[{"id":724,"href":"https:\/\/therismos.pl\/drukarnia\/wp-json\/wp\/v2\/pages\/396\/revisions\/724"}],"wp:featuredmedia":[{"embeddable":true,"href":"https:\/\/therismos.pl\/drukarnia\/wp-json\/wp\/v2\/media\/574"}],"wp:attachment":[{"href":"https:\/\/therismos.pl\/drukarnia\/wp-json\/wp\/v2\/media?parent=396"}],"curies":[{"name":"wp","href":"https:\/\/api.w.org\/{rel}","templated":true}]}}