{"id":400,"date":"2017-06-23T18:45:46","date_gmt":"2017-06-23T16:45:46","guid":{"rendered":"http:\/\/therismos.pl\/drukarnia\/?page_id=400"},"modified":"2017-08-22T09:54:32","modified_gmt":"2017-08-22T07:54:32","slug":"tabliczki-2","status":"publish","type":"page","link":"https:\/\/therismos.pl\/drukarnia\/tabliczki-2\/","title":{"rendered":"Banery"},"content":{"rendered":"<p>Je\u017celi jeste\u015bcie Pa\u0144stwo zainteresowani wykonaniem Baner\u00f3w zapraszamy do kontaktu.<\/p>\n","protected":false},"excerpt":{"rendered":"<p>Banery s\u0105 popularn\u0105 form\u0105 reklamy. S\u0105 trwa\u0142ym produktem przeznaczonym do kr\u00f3tko i \u015bredniookresowych kampanii. Drukowane przez nas banery s\u0105 odporne na dzia\u0142anie warunk\u00f3w atmosferycznych (wilgo\u0107, zmiany temperatury, promieniowanie UV) i uszkodzenia mechaniczne.<\/p>\n","protected":false},"author":1,"featured_media":618,"parent":0,"menu_order":0,"comment_status":"closed","ping_status":"closed","template":"page-offer.php","meta":[],"_links":{"self":[{"href":"https:\/\/therismos.pl\/drukarnia\/wp-json\/wp\/v2\/pages\/400"}],"collection":[{"href":"https:\/\/therismos.pl\/drukarnia\/wp-json\/wp\/v2\/pages"}],"about":[{"href":"https:\/\/therismos.pl\/drukarnia\/wp-json\/wp\/v2\/types\/page"}],"author":[{"embeddable":true,"href":"https:\/\/therismos.pl\/drukarnia\/wp-json\/wp\/v2\/users\/1"}],"replies":[{"embeddable":true,"href":"https:\/\/therismos.pl\/drukarnia\/wp-json\/wp\/v2\/comments?post=400"}],"version-history":[{"count":7,"href":"https:\/\/therismos.pl\/drukarnia\/wp-json\/wp\/v2\/pages\/400\/revisions"}],"predecessor-version":[{"id":725,"href":"https:\/\/therismos.pl\/drukarnia\/wp-json\/wp\/v2\/pages\/400\/revisions\/725"}],"wp:featuredmedia":[{"embeddable":true,"href":"https:\/\/therismos.pl\/drukarnia\/wp-json\/wp\/v2\/media\/618"}],"wp:attachment":[{"href":"https:\/\/therismos.pl\/drukarnia\/wp-json\/wp\/v2\/media?parent=400"}],"curies":[{"name":"wp","href":"https:\/\/api.w.org\/{rel}","templated":true}]}}