{"id":404,"date":"2017-06-23T18:47:15","date_gmt":"2017-06-23T16:47:15","guid":{"rendered":"http:\/\/therismos.pl\/drukarnia\/?page_id=404"},"modified":"2017-08-22T09:57:11","modified_gmt":"2017-08-22T07:57:11","slug":"roll-up-2","status":"publish","type":"page","link":"https:\/\/therismos.pl\/drukarnia\/roll-up-2\/","title":{"rendered":"Rollupy"},"content":{"rendered":"<p>Je\u017celi jeste\u015b zainteresowany wykonaniem rollup\u00f3w\u00a0zapraszamy do kontaktu.<\/p>\n","protected":false},"excerpt":{"rendered":"<p>Cz\u0119sto stosowany podczas prezentacji oraz jako uzupe\u0142nienie stoisk wystawienniczych na targach. \u015awietna forma reklamy, kt\u00f3ra wygl\u0105da bardzo efektownie. Nie da si\u0119 przej\u015b\u0107 oboj\u0119tnie, mijaj\u0105c dobrze wykonany Roll-up &#8211; sprawd\u017a nas!<\/p>\n","protected":false},"author":1,"featured_media":617,"parent":0,"menu_order":0,"comment_status":"closed","ping_status":"closed","template":"page-offer.php","meta":[],"_links":{"self":[{"href":"https:\/\/therismos.pl\/drukarnia\/wp-json\/wp\/v2\/pages\/404"}],"collection":[{"href":"https:\/\/therismos.pl\/drukarnia\/wp-json\/wp\/v2\/pages"}],"about":[{"href":"https:\/\/therismos.pl\/drukarnia\/wp-json\/wp\/v2\/types\/page"}],"author":[{"embeddable":true,"href":"https:\/\/therismos.pl\/drukarnia\/wp-json\/wp\/v2\/users\/1"}],"replies":[{"embeddable":true,"href":"https:\/\/therismos.pl\/drukarnia\/wp-json\/wp\/v2\/comments?post=404"}],"version-history":[{"count":7,"href":"https:\/\/therismos.pl\/drukarnia\/wp-json\/wp\/v2\/pages\/404\/revisions"}],"predecessor-version":[{"id":726,"href":"https:\/\/therismos.pl\/drukarnia\/wp-json\/wp\/v2\/pages\/404\/revisions\/726"}],"wp:featuredmedia":[{"embeddable":true,"href":"https:\/\/therismos.pl\/drukarnia\/wp-json\/wp\/v2\/media\/617"}],"wp:attachment":[{"href":"https:\/\/therismos.pl\/drukarnia\/wp-json\/wp\/v2\/media?parent=404"}],"curies":[{"name":"wp","href":"https:\/\/api.w.org\/{rel}","templated":true}]}}