{"id":408,"date":"2017-06-23T18:48:59","date_gmt":"2017-06-23T16:48:59","guid":{"rendered":"http:\/\/therismos.pl\/drukarnia\/?page_id=408"},"modified":"2017-08-22T10:12:12","modified_gmt":"2017-08-22T08:12:12","slug":"pocztowki-2","status":"publish","type":"page","link":"https:\/\/therismos.pl\/drukarnia\/pocztowki-2\/","title":{"rendered":"Poczt\u00f3wki"},"content":{"rendered":"","protected":false},"excerpt":{"rendered":"<p>Mo\u017cemy wykona\u0107 poczt\u00f3wki niezale\u017cnie od nak\u0142adu. Dzi\u0119ki uszlachetnieniom sprawimy, \u017ce Pa\u0144stwa poczt\u00f3wka stanie si\u0119 unikatowa, a jej kolory b\u0119d\u0105 jeszcze bardziej wyraziste. Wykonujemy projekty, kt\u00f3re przysy\u0142aj\u0105 do nas klienci, je\u017celi jednak nie macie Pa\u0144stwo jeszcze gotowego projektu, to ch\u0119tnie pomo\u017cemy go wykona\u0107. <\/p>\n","protected":false},"author":1,"featured_media":550,"parent":0,"menu_order":0,"comment_status":"closed","ping_status":"closed","template":"page-offer.php","meta":[],"_links":{"self":[{"href":"https:\/\/therismos.pl\/drukarnia\/wp-json\/wp\/v2\/pages\/408"}],"collection":[{"href":"https:\/\/therismos.pl\/drukarnia\/wp-json\/wp\/v2\/pages"}],"about":[{"href":"https:\/\/therismos.pl\/drukarnia\/wp-json\/wp\/v2\/types\/page"}],"author":[{"embeddable":true,"href":"https:\/\/therismos.pl\/drukarnia\/wp-json\/wp\/v2\/users\/1"}],"replies":[{"embeddable":true,"href":"https:\/\/therismos.pl\/drukarnia\/wp-json\/wp\/v2\/comments?post=408"}],"version-history":[{"count":5,"href":"https:\/\/therismos.pl\/drukarnia\/wp-json\/wp\/v2\/pages\/408\/revisions"}],"predecessor-version":[{"id":727,"href":"https:\/\/therismos.pl\/drukarnia\/wp-json\/wp\/v2\/pages\/408\/revisions\/727"}],"wp:featuredmedia":[{"embeddable":true,"href":"https:\/\/therismos.pl\/drukarnia\/wp-json\/wp\/v2\/media\/550"}],"wp:attachment":[{"href":"https:\/\/therismos.pl\/drukarnia\/wp-json\/wp\/v2\/media?parent=408"}],"curies":[{"name":"wp","href":"https:\/\/api.w.org\/{rel}","templated":true}]}}