{"id":443,"date":"2017-06-23T20:47:10","date_gmt":"2017-06-23T18:47:10","guid":{"rendered":"http:\/\/therismos.pl\/drukarnia\/?page_id=443"},"modified":"2017-08-22T10:50:54","modified_gmt":"2017-08-22T08:50:54","slug":"menu","status":"publish","type":"page","link":"https:\/\/therismos.pl\/drukarnia\/menu\/","title":{"rendered":"Menu"},"content":{"rendered":"<p>Naszym najwi\u0119kszym atutem przy druku kart Menu jest mo\u017cliwo\u015b\u0107 zastosowania specjalistycznego papieru syntentycznego. Charakteryzuje si\u0119 on bardzo wysok\u0105 odporno\u015bci\u0105 na wod\u0119, \u015bcieranie i wszelkie zabrudzenia. Cz\u0119sto zdarza si\u0119, \u017ce klient pobrudzi Menu i nie nadaje si\u0119 ono ju\u017c do u\u017cycia. Dzi\u0119ki zastosowaniu wodoodpornego papieru pozb\u0119d\u0105 si\u0119 Pa\u0144stwo tego problemu. Wystarczy przetrze\u0107 zabrudzenie zwyk\u0142\u0105 g\u0105bk\u0105, aby Menu zn\u00f3w wygl\u0105da\u0142o jak nowe.<\/p>\n<p>Maksymalny format kart to 320x450mm. Na \u017cyczenie klienta mo\u017cemy zastosowa\u0107 kilka rodzaj\u00f3w wyko\u0144cze\u0144 takich jak na przyk\u0142ad spiralowanie, bigowanie, foliowanie<\/p>\n","protected":false},"excerpt":{"rendered":"<p>Wed\u0142ug nas ka\u017cde menu powinno mie\u0107 sw\u00f3j unikatowy charakter. Zadbamy o to, aby Pa\u0144stwa menu r\u00f3wnie\u017c posiada\u0142o sw\u00f3j charakter i by\u0142o wyj\u0105tkowe &#8211; inne ni\u017c wszystkie. Dostajemy od Pa\u0144stwa gotowy plik lub pomys\u0142 i wykonujemy menu w du\u017cym lub ma\u0142ym nak\u0142adzie, nawet od jednej sztuki. Bogaty wyb\u00f3r papieru i mo\u017cliwo\u015b\u0107 uszlachetnie\u0144.<\/p>\n","protected":false},"author":1,"featured_media":551,"parent":0,"menu_order":0,"comment_status":"closed","ping_status":"closed","template":"page-offer.php","meta":[],"_links":{"self":[{"href":"https:\/\/therismos.pl\/drukarnia\/wp-json\/wp\/v2\/pages\/443"}],"collection":[{"href":"https:\/\/therismos.pl\/drukarnia\/wp-json\/wp\/v2\/pages"}],"about":[{"href":"https:\/\/therismos.pl\/drukarnia\/wp-json\/wp\/v2\/types\/page"}],"author":[{"embeddable":true,"href":"https:\/\/therismos.pl\/drukarnia\/wp-json\/wp\/v2\/users\/1"}],"replies":[{"embeddable":true,"href":"https:\/\/therismos.pl\/drukarnia\/wp-json\/wp\/v2\/comments?post=443"}],"version-history":[{"count":9,"href":"https:\/\/therismos.pl\/drukarnia\/wp-json\/wp\/v2\/pages\/443\/revisions"}],"predecessor-version":[{"id":729,"href":"https:\/\/therismos.pl\/drukarnia\/wp-json\/wp\/v2\/pages\/443\/revisions\/729"}],"wp:featuredmedia":[{"embeddable":true,"href":"https:\/\/therismos.pl\/drukarnia\/wp-json\/wp\/v2\/media\/551"}],"wp:attachment":[{"href":"https:\/\/therismos.pl\/drukarnia\/wp-json\/wp\/v2\/media?parent=443"}],"curies":[{"name":"wp","href":"https:\/\/api.w.org\/{rel}","templated":true}]}}