{"id":640,"date":"2017-08-07T09:39:33","date_gmt":"2017-08-07T07:39:33","guid":{"rendered":"http:\/\/therismos.pl\/drukarnia\/?page_id=640"},"modified":"2020-02-24T08:57:49","modified_gmt":"2020-02-24T07:57:49","slug":"poprawnie-przygotowac-plik-druku","status":"publish","type":"page","link":"https:\/\/therismos.pl\/drukarnia\/poprawnie-przygotowac-plik-druku\/","title":{"rendered":"Jak poprawnie przygotowa\u0107 plik do druku?"},"content":{"rendered":"<p>Zalecane jest, aby rozdzielczo\u015b\u0107 przekracza\u0142a 300 dpi (rozdzielczo\u015b\u0107 ni\u017csza mo\u017ce niekorzystnie wp\u0142yn\u0105\u0107 na jako\u015b\u0107).<\/p>\n<p>Prace 2-stronne powinny by\u0107 przygotowane jako dwie osobne strony w dokumencie. W przypadku prac sk\u0142adanych (bigowanych lub falcowanych) strony w dokumencie powinny by\u0107 u\u0142o\u017cone po kolei od pierwszej do ostatniej lub by\u0107 prawid\u0142owo zimpozycjonowane<br \/>\n(u\u0142o\u017cone) na arkuszu.<\/p>\n<p>Wszystkie fonty powinny zosta\u0107 zamienione na krzywe.<br \/>\nW z\u0142o\u017conych projektach (cienie, prze\u017aroczysto\u015bci) nale\u017cy zawsze sp\u0142aszcza\u0107 warstwy pozostawiaj\u0105c w postaci wektorowej teksty, loga, grafik\u0119 itd. W innym przypadku, nawet pomimo prawid\u0142owego wygl\u0105du pliku PDF w czasie realizacji zlecenia, mog\u0105 pojawi\u0107 si\u0119 b\u0142\u0119dy.<br \/>\nJe\u015bli w pracy wyst\u0119puj\u0105 bia\u0142e teksty na kolorowym tle, powinny by\u0107 one przygotowane jako wybrane, nie jako nadrukowane. Drukarka nie drukuje bia\u0142ego koloru, wi\u0119c w przypadku nadrukowania bia\u0142ego napisy po prostu znikn\u0105.<br \/>\nAby uzyska\u0107 \u201eg\u0142\u0119bok\u0105 czer\u0144\u201d t\u0142a nale\u017cy zastosowa\u0107 nast\u0119puj\u0105ce sk\u0142adowe: C50 M50 Y50 K100<\/p>\n<p>Kolory CMYK, RGB, je\u017celi wyst\u0119puj\u0105 pantony to nale\u017cy je zapisa\u0107 jako pantony, maszyna sama je zinterpretuje i wydrukuje z u\u017cyciem CMYK-a. Jednak g\u0142\u00f3wnie prosimy o u\u017cywanie profilu kolor\u00f3w CMYK.<\/p>\n<p>&nbsp;<\/p>\n<p><img loading=\"lazy\" src=\"http:\/\/therismos.pl\/stara-strona\/images\/stories\/na%20strone1.jpg\" alt=\"na strone1\" width=\"458\" height=\"326\" \/><\/p>\n<p>&nbsp;<\/p>\n<p><strong>SERWER FTP<\/strong><\/p>\n<p>Dzi\u0119ki us\u0142udze FTP mo\u017cliwe jest przesy\u0142anie du\u017cych plik\u00f3w bezpo\u015brednio na serwer drukarni. Plik na serwer\u00a0 mo\u017cna przes\u0142a\u0107 za pomoc\u0105 program\u00f3w typu klient ftp np. FileZilla<\/p>\n<p>adres\/host: therismos.pl<br \/>\nu\u017cytkownik:\u00a0 ftp@therismos.pl<br \/>\nhas\u0142o:<a href=\"http:\/\/therismos.pl\/stara-strona\/index.php?option=com_content&amp;view=article&amp;id=66&amp;Itemid=37\"> w celu uzyskania has\u0142a, prosimy o kontakt z biurem drukarni.<br \/>\n<\/a><\/p>\n","protected":false},"excerpt":{"rendered":"<p>Akceptowane przez nas formaty graficzne: PDF, EPS, CDR (Corel 15). W przypadku  format\u00f3w EPS, CDR i AI nale\u017cy teksty zamieni\u0107 na krzywe. Gdy w pracy wyst\u0119puje grafika, kt\u00f3ra ko\u0144czy si\u0119 r\u00f3wno z kraw\u0119dzi\u0105 strony (tzw. grafika do spadu), nale\u017cy doda\u0107 po 3mm spadu z ka\u017cdej strony. Uniknie si\u0119 w ten spos\u00f3b przyci\u0119cia wa\u017cnych element\u00f3w podczas przycinania do formatu.<\/p>\n","protected":false},"author":1,"featured_media":733,"parent":0,"menu_order":0,"comment_status":"closed","ping_status":"closed","template":"page-about.php","meta":[],"_links":{"self":[{"href":"https:\/\/therismos.pl\/drukarnia\/wp-json\/wp\/v2\/pages\/640"}],"collection":[{"href":"https:\/\/therismos.pl\/drukarnia\/wp-json\/wp\/v2\/pages"}],"about":[{"href":"https:\/\/therismos.pl\/drukarnia\/wp-json\/wp\/v2\/types\/page"}],"author":[{"embeddable":true,"href":"https:\/\/therismos.pl\/drukarnia\/wp-json\/wp\/v2\/users\/1"}],"replies":[{"embeddable":true,"href":"https:\/\/therismos.pl\/drukarnia\/wp-json\/wp\/v2\/comments?post=640"}],"version-history":[{"count":7,"href":"https:\/\/therismos.pl\/drukarnia\/wp-json\/wp\/v2\/pages\/640\/revisions"}],"predecessor-version":[{"id":807,"href":"https:\/\/therismos.pl\/drukarnia\/wp-json\/wp\/v2\/pages\/640\/revisions\/807"}],"wp:featuredmedia":[{"embeddable":true,"href":"https:\/\/therismos.pl\/drukarnia\/wp-json\/wp\/v2\/media\/733"}],"wp:attachment":[{"href":"https:\/\/therismos.pl\/drukarnia\/wp-json\/wp\/v2\/media?parent=640"}],"curies":[{"name":"wp","href":"https:\/\/api.w.org\/{rel}","templated":true}]}}