{"id":791,"date":"2019-04-03T09:17:52","date_gmt":"2019-04-03T07:17:52","guid":{"rendered":"http:\/\/therismos.pl\/drukarnia\/?page_id=791"},"modified":"2019-04-03T09:18:00","modified_gmt":"2019-04-03T07:18:00","slug":"informacja-dla-klientow","status":"publish","type":"page","link":"https:\/\/therismos.pl\/drukarnia\/informacja-dla-klientow\/","title":{"rendered":"Informacja dla klient\u00f3w"},"content":{"rendered":"<p style=\"text-align: center;\"><strong>Informacja dla klient\u00f3w<\/strong><\/p>\n<ol>\n<li>THERISMOS Sp. z o.o. z siedzib\u0105 ul. Sztabowa 32, 50-984 Wroc\u0142aw <strong>jest administratorem Pani\/Pana danych osobowych.<\/strong><\/li>\n<li>W sprawie Twoich danych osobowych mo\u017cesz skontaktowa\u0107 si\u0119 z Administratorem danych osobowych za pomoc\u0105:\n<ol>\n<li>poczty elektronicznej: biuro@therismos.pl<\/li>\n<li><strong>poczty tradycyjnej: <\/strong> Sztabowa 32, 50-984 Wroc\u0142aw<\/li>\n<li><strong>telefonu: <\/strong>+48 71 339 11 82<\/li>\n<\/ol>\n<\/li>\n<li>Administrator danych osobowych przetwarza Twoje dane osobowe w celu podj\u0119cia dzia\u0142a\u0144 przed zawarciem umowy na Twoje \u017c\u0105danie poprzez wype\u0142nienie formularza kontaktowego lub arkusza do wyceny pracy na stronie www.therismos.pl, na kt\u00f3rych poda\u0142 Pan\/Pani umieszczone w formularzu do wyceny prac lub formularza o podj\u0119cie kontaktu, imi\u0119 i nazwisko, adres e-mail i numer telefonu.<\/li>\n<\/ol>\n<p>&nbsp;<\/p>\n<ol start=\"4\">\n<li>Podstawy prawne przetwarzania Pani\/Pana stanowi\u0105:<\/li>\n<\/ol>\n<p><strong>Rozporz\u0105dzenie Parlamentu Europejskiego i Rady UE 2016\/679 z dnia 27 kwietnia 2016 r. w sprawie ochrony os\u00f3b fizycznych w\u00a0zwi\u0105zku z przetwarzaniem danych osobowych i w sprawie swobodnego przep\u0142ywu takich danych oraz uchylenia dyrektywy 95\/46\/WE, zwanym dalej og\u00f3lnym rozporz\u0105dzeniem o ochronie danych osobowych (RODO):<\/strong><\/p>\n<ul>\n<li>osoba, kt\u00f3rej dane dotycz\u0105 wyrazi\u0142a zgod\u0119 na przetwarzanie swoich danych osobowych w jednym lub wi\u0119kszej liczbie okre\u015blonych cel\u00f3w;<\/li>\n<li>przetwarzanie jest niezb\u0119dne do wykonania umowy, kt\u00f3rej stron\u0105 jest osoba, kt\u00f3rej dane dotycz\u0105, lub do podj\u0119cia dzia\u0142a\u0144 na \u017c\u0105danie osoby, kt\u00f3rej dane dotycz\u0105, przed zawarciem umowy<\/li>\n<li>przetwarzanie jest niezb\u0119dne do cel\u00f3w wynikaj\u0105cych z prawnie uzasadnionych interes\u00f3w realizowanych przez administratora lub przez stron\u0119 trzeci\u0105, z wyj\u0105tkiem sytuacji, w kt\u00f3rych nadrz\u0119dny charakter wobec tych interes\u00f3w maj\u0105 interesy lub podstawowe prawa i wolno\u015bci osoby, kt\u00f3rej dane dotycz\u0105, wymagaj\u0105ce ochrony danych osobowych, w szczeg\u00f3lno\u015bci gdy osoba, kt\u00f3rej dane dotycz\u0105, jest dzieckiem.<\/li>\n<\/ul>\n<ol start=\"5\">\n<li>Pani\/Pana dane mog\u0105 by\u0107 udost\u0119pnione innym podmiotom upowa\u017cnionym na podstawie przepis\u00f3w prawa<\/li>\n<li>Odbiorcami Pani\/Pana danych mog\u0105 by\u0107 partnerzy, firmy windykacyjne, banki, operatorzy pocztowi, przewo\u017anicy, firmy drukuj\u0105ce korespondencj\u0119 lub obs\u0142uguj\u0105ce korespondencj\u0119 otrzymywan\u0105 od klient\u00f3w, firmy archiwizuj\u0105ce dokumenty.<\/li>\n<li><em>Pani\/Pana dane osobowe b\u0119d\u0105 przechowywane przez okres <\/em><\/li>\n<\/ol>\n<ul>\n<li>dane osobowe przetwarzane w celu zawarcia lub wykonania umowy oraz wype\u0142nienia obowi\u0105zku prawnego Administratora b\u0119d\u0105 przechowywane przez okres obowi\u0105zywania umowy, a po jego up\u0142ywie przez okres niezb\u0119dny do:<\/li>\n<\/ul>\n<ol>\n<li>posprzeda\u017cowej obs\u0142ugi klient\u00f3w (np. obs\u0142ugi reklamacji)<\/li>\n<li>zabezpieczenia lub dochodzenia ewentualnych roszcze\u0144<\/li>\n<li>wype\u0142nienia obowi\u0105zku prawnego Administratora (np. wynikaj\u0105cego z przepis\u00f3w podatkowych lub rachunkowych);<\/li>\n<\/ol>\n<ul>\n<li>dane osobowe przetwarzane na potrzeby marketingu produkt\u00f3w lub us\u0142ug w\u0142asnych na podstawie uzasadnionego interesu prawnego, b\u0119d\u0105 przetwarzane do czasu zg\u0142oszenia sprzeciwu przez osob\u0119, kt\u00f3rej dane dotycz\u0105;<\/li>\n<li>dane osobowe przetwarzane na podstawie odr\u0119bnej zgody b\u0119d\u0105 przechowywane do czasu jej odwo\u0142ania.<\/li>\n<\/ul>\n<ol start=\"8\">\n<li>THERISMOS Sp. z o.o. z siedzib\u0105 ul. Sztabowa 32, 50-984 Wroc\u0142aw <em>nie b\u0119dzie przekazywa\u0107 Pani\/Pana danych osobowych do pa\u0144stwa trzeciego lub organizacji mi\u0119dzynarodowej.<\/em><\/li>\n<\/ol>\n<p><em>\u00a0<\/em><\/p>\n<ol start=\"9\">\n<li><em>Posiada Pan\/Pani <\/em>prawo do \u017c\u0105dania od administratora dost\u0119pu do danych osobowych dotycz\u0105cych osoby, kt\u00f3rej dane dotycz\u0105, ich sprostowania, usuni\u0119cia lub ograniczenia przetwarzania, prawo do wniesienia sprzeciwu wobec przetwarzania, a tak\u017ce prawo do przenoszenia danych i prawo do cofni\u0119cia zgody w dowolnym momencie (bez wp\u0142ywu na zgodno\u015b\u0107 z prawem przetwarzania, kt\u00f3rego dokonano na podstawie zgody przed jej cofni\u0119ciem), wniesienia skargi do organu nadzorczego.<\/li>\n<li>Podanie przez Pani\u0105\/Pana danych osobowych w zakresie wymog\u00f3w ustawowych jest obowi\u0105zkowe a w pozosta\u0142ym jest dobrowolne.<\/li>\n<li>Pani\/Pana dane nie b\u0119d\u0105 przetwarzane w spos\u00f3b zautomatyzowany profilowane.<\/li>\n<\/ol>\n<p>&nbsp;<\/p>\n","protected":false},"excerpt":{"rendered":"<p>Informacja dla klient\u00f3w THERISMOS Sp. z o.o. z siedzib\u0105 ul. Sztabowa 32, 50-984 Wroc\u0142aw jest administratorem Pani\/Pana danych osobowych. W sprawie Twoich danych osobowych mo\u017cesz skontaktowa\u0107 si\u0119 z Administratorem danych osobowych za pomoc\u0105: poczty elektronicznej: biuro@therismos.pl poczty tradycyjnej: Sztabowa 32, 50-984 Wroc\u0142aw telefonu: +48 71 339 11 82 Administrator danych osobowych przetwarza Twoje dane osobowe [&hellip;]<\/p>\n","protected":false},"author":1,"featured_media":0,"parent":0,"menu_order":0,"comment_status":"closed","ping_status":"closed","template":"page-about.php","meta":[],"_links":{"self":[{"href":"https:\/\/therismos.pl\/drukarnia\/wp-json\/wp\/v2\/pages\/791"}],"collection":[{"href":"https:\/\/therismos.pl\/drukarnia\/wp-json\/wp\/v2\/pages"}],"about":[{"href":"https:\/\/therismos.pl\/drukarnia\/wp-json\/wp\/v2\/types\/page"}],"author":[{"embeddable":true,"href":"https:\/\/therismos.pl\/drukarnia\/wp-json\/wp\/v2\/users\/1"}],"replies":[{"embeddable":true,"href":"https:\/\/therismos.pl\/drukarnia\/wp-json\/wp\/v2\/comments?post=791"}],"version-history":[{"count":1,"href":"https:\/\/therismos.pl\/drukarnia\/wp-json\/wp\/v2\/pages\/791\/revisions"}],"predecessor-version":[{"id":792,"href":"https:\/\/therismos.pl\/drukarnia\/wp-json\/wp\/v2\/pages\/791\/revisions\/792"}],"wp:attachment":[{"href":"https:\/\/therismos.pl\/drukarnia\/wp-json\/wp\/v2\/media?parent=791"}],"curies":[{"name":"wp","href":"https:\/\/api.w.org\/{rel}","templated":true}]}}