{"id":85,"date":"2017-02-12T19:01:56","date_gmt":"2017-02-12T18:01:56","guid":{"rendered":"http:\/\/localhost\/~janek2016\/therismos\/?page_id=85"},"modified":"2017-08-07T09:48:33","modified_gmt":"2017-08-07T07:48:33","slug":"o-firmie","status":"publish","type":"page","link":"https:\/\/therismos.pl\/drukarnia\/o-firmie\/","title":{"rendered":"O firmie"},"content":{"rendered":"<p>&nbsp;<\/p>\n<p><strong>W Drukarni Therismos<\/strong> ka\u017cdy wsp\u00f3\u0142pracownik wie, \u017ce to co od nas wyjdzie, zbuduje wizerunek naszych klient\u00f3w. Dlatego te\u017c takie elementy jak jako\u015b\u0107, kolorystyka, elementy wizualne i terminowo\u015b\u0107, to najwa\u017cniejsze aspekty naszej pracy.\u00a0 Dzi\u0119ki temu drukujemy dla firm, kt\u00f3rym zale\u017cy na:<\/p>\n<p>&#8211; Profesjonalnym zbudowaniu wizerunku poprzez materia\u0142y reklamowe,<\/p>\n<p>&#8211; Do\u015bwiadczeniu i spe\u0142nianiu oczekiwa\u0144 klient\u00f3w,<\/p>\n<p>&#8211; Wysokiej jako\u015bci oferowanych produkt\u00f3w i us\u0142ug,<\/p>\n<p>&#8211; Byciu poznawalnym na rynku,<\/p>\n<p>&#8211; Dostrze\u017conym przez nowych klient\u00f3w<\/p>\n<p><strong>JE\u017bELI&#8230;<\/strong><\/p>\n<p>&#8230; w firmie jest zapotrzebowanie na papier firmowy, teczki ofertowe, wizyt\u00f3wki, katalogi lub inne materia\u0142y <strong>nawet w niskim nakladzie<\/strong>,<\/p>\n<p>&#8230; nie jeste\u015b widoczny na rynku ze swoim produktem i podj\u0105\u0142e\u015b decyzj\u0119 o tym, \u017ce chcesz to zmieni\u0107, poza pomoc\u0105 przy wyborze formy reklamy, mo\u017cemy j\u0105 tak\u017ce dla ciebie zaprojektowa\u0107<\/p>\n<p>Napisz do nas biuro@therismos.pl lub zadzwo\u0144 71 339 11 82<\/p>\n<p><strong>DRUKARNIA THERISMOS<br \/>\nWYDRUKUJEMY TW\u00d3J SUKCES<\/strong><\/p>\n","protected":false},"excerpt":{"rendered":"<p>Jeste\u015bmy drukarni\u0105, kt\u00f3ra powsta\u0142a  z inspiracji marze\u0144 i pasji oraz wizji towarzysz\u0105cej nam przez ca\u0142y czas. Nasza codzienna praca sprawia nam niesamowit\u0105 rado\u015b\u0107 i frajd\u0119, kt\u00f3r\u0105 mo\u017cemy dzieli\u0107 si\u0119 z Wami.<br \/>\nKlient i jego zadowolenie jest dla nas wyk\u0142adni\u0105. Ka\u017cde zlecenie i rozmow\u0119 z Wami traktujemy indywidualnie i zawsze b\u0119dziemy chcieli Wam pom\u00f3c.<\/p>\n","protected":false},"author":1,"featured_media":634,"parent":0,"menu_order":0,"comment_status":"closed","ping_status":"closed","template":"page-about.php","meta":[],"_links":{"self":[{"href":"https:\/\/therismos.pl\/drukarnia\/wp-json\/wp\/v2\/pages\/85"}],"collection":[{"href":"https:\/\/therismos.pl\/drukarnia\/wp-json\/wp\/v2\/pages"}],"about":[{"href":"https:\/\/therismos.pl\/drukarnia\/wp-json\/wp\/v2\/types\/page"}],"author":[{"embeddable":true,"href":"https:\/\/therismos.pl\/drukarnia\/wp-json\/wp\/v2\/users\/1"}],"replies":[{"embeddable":true,"href":"https:\/\/therismos.pl\/drukarnia\/wp-json\/wp\/v2\/comments?post=85"}],"version-history":[{"count":6,"href":"https:\/\/therismos.pl\/drukarnia\/wp-json\/wp\/v2\/pages\/85\/revisions"}],"predecessor-version":[{"id":646,"href":"https:\/\/therismos.pl\/drukarnia\/wp-json\/wp\/v2\/pages\/85\/revisions\/646"}],"wp:featuredmedia":[{"embeddable":true,"href":"https:\/\/therismos.pl\/drukarnia\/wp-json\/wp\/v2\/media\/634"}],"wp:attachment":[{"href":"https:\/\/therismos.pl\/drukarnia\/wp-json\/wp\/v2\/media?parent=85"}],"curies":[{"name":"wp","href":"https:\/\/api.w.org\/{rel}","templated":true}]}}